{"id":24269,"date":"2025-05-19T23:18:56","date_gmt":"2025-05-19T23:18:56","guid":{"rendered":"https:\/\/rakun.com.pl\/?page_id=24269"},"modified":"2025-05-20T19:37:29","modified_gmt":"2025-05-20T19:37:29","slug":"ochrona-srodowiska","status":"publish","type":"page","link":"https:\/\/rakun.com.pl\/de\/ochrona-srodowiska\/","title":{"rendered":"Schutz der Umwelt"},"content":{"rendered":"<div data-elementor-type=\"wp-page\" data-elementor-id=\"24269\" class=\"elementor elementor-24269\" data-elementor-post-type=\"page\">\n\t\t\t\t\t\t<section class=\"elementor-section elementor-top-section elementor-element elementor-element-e8c380b elementor-section-full_width elementor-section-stretched elementor-section-height-default elementor-section-height-default sc_fly_static\" data-id=\"e8c380b\" data-element_type=\"section\" data-settings=\"{&quot;stretch_section&quot;:&quot;section-stretched&quot;,&quot;background_background&quot;:&quot;classic&quot;}\">\n\t\t\t\t\t\t<div class=\"elementor-container elementor-column-gap-extended\">\n\t\t\t\t\t<div class=\"elementor-column elementor-col-100 elementor-top-column elementor-element elementor-element-3f36908 sc_content_align_inherit sc_layouts_column_icons_position_left sc_fly_static\" data-id=\"3f36908\" data-element_type=\"column\">\n\t\t\t<div class=\"elementor-widget-wrap elementor-element-populated\">\n\t\t\t\t\t\t<div class=\"elementor-element elementor-element-567fff5 sc_fly_static elementor-widget elementor-widget-trx_sc_title\" data-id=\"567fff5\" data-element_type=\"widget\" data-widget_type=\"trx_sc_title.default\">\n\t\t\t\t<div class=\"elementor-widget-container\">\n\t\t\t\t\t<div\t\tclass=\"sc_title color_style_dark sc_title_default\" ><h1 class=\"sc_item_title sc_title_title sc_align_center sc_item_title_style_default sc_item_title_tag\"\n\t\t\t><span class=\"sc_item_title_text\">Umweltdienstleistungen\n<\/span><\/h1><\/div>\t\t\t\t<\/div>\n\t\t\t\t<\/div>\n\t\t\t\t\t<\/div>\n\t\t<\/div>\n\t\t\t\t\t<\/div>\n\t\t<\/section>\n\t\t\t\t<section class=\"elementor-section elementor-top-section elementor-element elementor-element-686d20d elementor-section-content-middle elementor-section-stretched scheme_light elementor-section-boxed elementor-section-height-default elementor-section-height-default sc_fly_static\" data-id=\"686d20d\" data-element_type=\"section\" data-settings=\"{&quot;stretch_section&quot;:&quot;section-stretched&quot;,&quot;background_background&quot;:&quot;classic&quot;}\">\n\t\t\t\t\t\t<div class=\"elementor-container elementor-column-gap-extended\">\n\t\t\t\t\t<div class=\"elementor-column elementor-col-50 elementor-top-column elementor-element elementor-element-7aaddb2 sc_content_align_inherit sc_layouts_column_icons_position_left sc_fly_static\" data-id=\"7aaddb2\" data-element_type=\"column\">\n\t\t\t<div class=\"elementor-widget-wrap elementor-element-populated\">\n\t\t\t\t\t\t<section class=\"elementor-section elementor-inner-section elementor-element elementor-element-af0b09c sc_layouts_hide_on_tablet sc_layouts_hide_on_mobile elementor-section-boxed elementor-section-height-default elementor-section-height-default sc_fly_static\" data-id=\"af0b09c\" data-element_type=\"section\">\n\t\t\t\t\t\t<div class=\"elementor-container elementor-column-gap-no\">\n\t\t\t\t\t<div class=\"elementor-column elementor-col-100 elementor-inner-column elementor-element elementor-element-c29f502 sc_content_align_inherit sc_layouts_column_icons_position_left sc_fly_static\" data-id=\"c29f502\" data-element_type=\"column\">\n\t\t\t<div class=\"elementor-widget-wrap elementor-element-populated\">\n\t\t\t\t\t\t<div class=\"elementor-element elementor-element-2fb9a90 no-title sc_fly_static elementor-widget elementor-widget-image\" data-id=\"2fb9a90\" data-element_type=\"widget\" data-widget_type=\"image.default\">\n\t\t\t\t<div class=\"elementor-widget-container\">\n\t\t\t\t\t\t\t\t\t\t\t\t\t\t\t<img decoding=\"async\" src=\"https:\/\/rakun.com.pl\/wp-content\/uploads\/elementor\/thumbs\/rakun-23-r4bgfqeakcv2ecplnl40w31jilu595vkxavtnx0k68.jpg\" title=\"rakun-23\" alt=\"rakun-23\" loading=\"lazy\" \/>\t\t\t\t\t\t\t\t\t\t\t\t\t\t\t<\/div>\n\t\t\t\t<\/div>\n\t\t\t\t\t<\/div>\n\t\t<\/div>\n\t\t\t\t\t<\/div>\n\t\t<\/section>\n\t\t\t\t\t<\/div>\n\t\t<\/div>\n\t\t\t\t<div class=\"elementor-column elementor-col-50 elementor-top-column elementor-element elementor-element-3ae80f5 sc_content_align_inherit sc_layouts_column_icons_position_left sc_fly_static\" data-id=\"3ae80f5\" data-element_type=\"column\">\n\t\t\t<div class=\"elementor-widget-wrap elementor-element-populated\">\n\t\t\t\t\t\t<div class=\"elementor-element elementor-element-f15afdd sc_fly_static elementor-widget elementor-widget-trx_sc_title\" data-id=\"f15afdd\" data-element_type=\"widget\" data-widget_type=\"trx_sc_title.default\">\n\t\t\t\t<div class=\"elementor-widget-container\">\n\t\t\t\t\t<div\t\tclass=\"sc_title color_style_dark sc_title_default\" ><h4 class=\"sc_item_title sc_title_title sc_item_title_style_default sc_item_title_tag\"\n\t\t\t><span class=\"sc_item_title_text\">Laufende Umweltdienstleistungen f\u00fcr Unternehmen<\/span><\/h4><\/div>\t\t\t\t<\/div>\n\t\t\t\t<\/div>\n\t\t\t\t<div class=\"elementor-element elementor-element-284c79c sc_fly_static elementor-widget elementor-widget-spacer\" data-id=\"284c79c\" data-element_type=\"widget\" data-widget_type=\"spacer.default\">\n\t\t\t\t<div class=\"elementor-widget-container\">\n\t\t\t\t\t\t\t<div class=\"elementor-spacer\">\n\t\t\t<div class=\"elementor-spacer-inner\"><\/div>\n\t\t<\/div>\n\t\t\t\t\t\t<\/div>\n\t\t\t\t<\/div>\n\t\t\t\t<div class=\"elementor-element elementor-element-ff37402 sc_fly_static elementor-widget elementor-widget-text-editor\" data-id=\"ff37402\" data-element_type=\"widget\" data-widget_type=\"text-editor.default\">\n\t\t\t\t<div class=\"elementor-widget-container\">\n\t\t\t\t\t\t\t\t\t<ul><li>Ausarbeitung von Antr\u00e4gen auf Umweltgenehmigungen \/ Zulassungen<\/li><li>Ausarbeitung von Umweltvertr\u00e4glichkeitsberichten f\u00fcr Investitionen<\/li><li>Kohlenstoff-Fu\u00dfabdruck, Kreislaufwirtschaft<\/li><li><div>Umgang mit BDO, KOBiZE, Unterlagen, Berichte, Geb\u00fchren<\/div><\/li><\/ul>\t\t\t\t\t\t\t\t<\/div>\n\t\t\t\t<\/div>\n\t\t\t\t<div class=\"elementor-element elementor-element-d0b1184 sc_fly_static elementor-widget elementor-widget-spacer\" data-id=\"d0b1184\" data-element_type=\"widget\" data-widget_type=\"spacer.default\">\n\t\t\t\t<div class=\"elementor-widget-container\">\n\t\t\t\t\t\t\t<div class=\"elementor-spacer\">\n\t\t\t<div class=\"elementor-spacer-inner\"><\/div>\n\t\t<\/div>\n\t\t\t\t\t\t<\/div>\n\t\t\t\t<\/div>\n\t\t\t\t\t<\/div>\n\t\t<\/div>\n\t\t\t\t\t<\/div>\n\t\t<\/section>\n\t\t\t\t<\/div>","protected":false},"excerpt":{"rendered":"<p>Us\u0142ugi w zakresie ochrony \u015brodowiska Sta\u0142a obs\u0142uga firm z zakresu ochrony \u015brodowiska Sporz\u0105dzanie wniosk\u00f3w o&hellip;<\/p>","protected":false},"author":6,"featured_media":0,"parent":0,"menu_order":0,"comment_status":"closed","ping_status":"closed","template":"","meta":{"_acf_changed":false,"footnotes":""},"class_list":["post-24269","page","type-page","status-publish","hentry"],"acf":[],"yoast_head":"<!-- This site is optimized with the Yoast SEO plugin v25.2 - https:\/\/yoast.com\/wordpress\/plugins\/seo\/ -->\n<title>Ochrona \u015brodowiska | Dystrybutor Rakun<\/title>\n<meta name=\"description\" content=\"Dystrybutor maszyn rolniczych Rakun \u2705 Szeroka oferta maszyn dla rolnik\u00f3w \u2705 Zapoznaj si\u0119 z naszym sprz\u0119tem rolniczym i zam\u00f3w ju\u017c teraz!\" \/>\n<meta name=\"robots\" content=\"index, follow, max-snippet:-1, max-image-preview:large, max-video-preview:-1\" \/>\n<link rel=\"canonical\" href=\"https:\/\/rakun.com.pl\/de\/ochrona-srodowiska\/\" \/>\n<meta property=\"og:locale\" content=\"de_DE\" \/>\n<meta property=\"og:type\" content=\"article\" \/>\n<meta property=\"og:title\" content=\"Ochrona \u015brodowiska | Dystrybutor Rakun\" \/>\n<meta property=\"og:description\" content=\"Dystrybutor maszyn rolniczych Rakun \u2705 Szeroka oferta maszyn dla rolnik\u00f3w \u2705 Zapoznaj si\u0119 z naszym sprz\u0119tem rolniczym i zam\u00f3w ju\u017c teraz!\" \/>\n<meta property=\"og:url\" content=\"https:\/\/rakun.com.pl\/de\/ochrona-srodowiska\/\" \/>\n<meta property=\"og:site_name\" content=\"Rakun\" \/>\n<meta property=\"article:publisher\" content=\"https:\/\/www.facebook.com\/profile.php?id=100086509235403\" \/>\n<meta property=\"article:modified_time\" content=\"2025-05-20T19:37:29+00:00\" \/>\n<meta property=\"og:image\" content=\"https:\/\/rakun.com.pl\/wp-content\/uploads\/elementor\/thumbs\/rakun-23-r4bgfqeakcv2ecplnl40w31jilu595vkxavtnx0k68.jpg\" \/>\n<meta name=\"twitter:card\" content=\"summary_large_image\" \/>\n<meta name=\"twitter:label1\" content=\"Gesch\u00e4tzte Lesezeit\" \/>\n\t<meta name=\"twitter:data1\" content=\"1\u00a0Minute\" \/>\n<script type=\"application\/ld+json\" class=\"yoast-schema-graph\">{\"@context\":\"https:\/\/schema.org\",\"@graph\":[{\"@type\":\"WebPage\",\"@id\":\"https:\/\/rakun.com.pl\/ochrona-srodowiska\/\",\"url\":\"https:\/\/rakun.com.pl\/ochrona-srodowiska\/\",\"name\":\"Ochrona \u015brodowiska | Dystrybutor Rakun\",\"isPartOf\":{\"@id\":\"https:\/\/rakun.com.pl\/#website\"},\"primaryImageOfPage\":{\"@id\":\"https:\/\/rakun.com.pl\/ochrona-srodowiska\/#primaryimage\"},\"image\":{\"@id\":\"https:\/\/rakun.com.pl\/ochrona-srodowiska\/#primaryimage\"},\"thumbnailUrl\":\"https:\/\/rakun.com.pl\/wp-content\/uploads\/elementor\/thumbs\/rakun-23-r4bgfqeakcv2ecplnl40w31jilu595vkxavtnx0k68.jpg\",\"datePublished\":\"2025-05-19T23:18:56+00:00\",\"dateModified\":\"2025-05-20T19:37:29+00:00\",\"description\":\"Dystrybutor maszyn rolniczych Rakun \u2705 Szeroka oferta maszyn dla rolnik\u00f3w \u2705 Zapoznaj si\u0119 z naszym sprz\u0119tem rolniczym i zam\u00f3w ju\u017c teraz!\",\"breadcrumb\":{\"@id\":\"https:\/\/rakun.com.pl\/ochrona-srodowiska\/#breadcrumb\"},\"inLanguage\":\"de\",\"potentialAction\":[{\"@type\":\"ReadAction\",\"target\":[\"https:\/\/rakun.com.pl\/ochrona-srodowiska\/\"]}]},{\"@type\":\"ImageObject\",\"inLanguage\":\"de\",\"@id\":\"https:\/\/rakun.com.pl\/ochrona-srodowiska\/#primaryimage\",\"url\":\"https:\/\/rakun.com.pl\/wp-content\/uploads\/elementor\/thumbs\/rakun-23-r4bgfqeakcv2ecplnl40w31jilu595vkxavtnx0k68.jpg\",\"contentUrl\":\"https:\/\/rakun.com.pl\/wp-content\/uploads\/elementor\/thumbs\/rakun-23-r4bgfqeakcv2ecplnl40w31jilu595vkxavtnx0k68.jpg\"},{\"@type\":\"BreadcrumbList\",\"@id\":\"https:\/\/rakun.com.pl\/ochrona-srodowiska\/#breadcrumb\",\"itemListElement\":[{\"@type\":\"ListItem\",\"position\":1,\"name\":\"Strona g\u0142\u00f3wna\",\"item\":\"https:\/\/rakun.com.pl\/\"},{\"@type\":\"ListItem\",\"position\":2,\"name\":\"Ochrona \u015brodowiska\"}]},{\"@type\":\"WebSite\",\"@id\":\"https:\/\/rakun.com.pl\/#website\",\"url\":\"https:\/\/rakun.com.pl\/\",\"name\":\"Rakun\",\"description\":\"Dystrybutor maszyn rolniczych Rakun\",\"publisher\":{\"@id\":\"https:\/\/rakun.com.pl\/#organization\"},\"potentialAction\":[{\"@type\":\"SearchAction\",\"target\":{\"@type\":\"EntryPoint\",\"urlTemplate\":\"https:\/\/rakun.com.pl\/?s={search_term_string}\"},\"query-input\":{\"@type\":\"PropertyValueSpecification\",\"valueRequired\":true,\"valueName\":\"search_term_string\"}}],\"inLanguage\":\"de\"},{\"@type\":\"Organization\",\"@id\":\"https:\/\/rakun.com.pl\/#organization\",\"name\":\"Rakun\",\"url\":\"https:\/\/rakun.com.pl\/\",\"logo\":{\"@type\":\"ImageObject\",\"inLanguage\":\"de\",\"@id\":\"https:\/\/rakun.com.pl\/#\/schema\/logo\/image\/\",\"url\":\"https:\/\/rakun.com.pl\/wp-content\/uploads\/2025\/04\/rakunlogo.png\",\"contentUrl\":\"https:\/\/rakun.com.pl\/wp-content\/uploads\/2025\/04\/rakunlogo.png\",\"width\":446,\"height\":313,\"caption\":\"Rakun\"},\"image\":{\"@id\":\"https:\/\/rakun.com.pl\/#\/schema\/logo\/image\/\"},\"sameAs\":[\"https:\/\/www.facebook.com\/profile.php?id=100086509235403\",\"https:\/\/www.instagram.com\/rakun__sp.z_o.o\/\"]}]}<\/script>\n<!-- \/ Yoast SEO plugin. -->","yoast_head_json":{"title":"Ochrona \u015brodowiska | Dystrybutor Rakun","description":"Dystrybutor maszyn rolniczych Rakun \u2705 Szeroka oferta maszyn dla rolnik\u00f3w \u2705 Zapoznaj si\u0119 z naszym sprz\u0119tem rolniczym i zam\u00f3w ju\u017c teraz!","robots":{"index":"index","follow":"follow","max-snippet":"max-snippet:-1","max-image-preview":"max-image-preview:large","max-video-preview":"max-video-preview:-1"},"canonical":"https:\/\/rakun.com.pl\/de\/ochrona-srodowiska\/","og_locale":"de_DE","og_type":"article","og_title":"Ochrona \u015brodowiska | Dystrybutor Rakun","og_description":"Dystrybutor maszyn rolniczych Rakun \u2705 Szeroka oferta maszyn dla rolnik\u00f3w \u2705 Zapoznaj si\u0119 z naszym sprz\u0119tem rolniczym i zam\u00f3w ju\u017c teraz!","og_url":"https:\/\/rakun.com.pl\/de\/ochrona-srodowiska\/","og_site_name":"Rakun","article_publisher":"https:\/\/www.facebook.com\/profile.php?id=100086509235403","article_modified_time":"2025-05-20T19:37:29+00:00","og_image":[{"url":"https:\/\/rakun.com.pl\/wp-content\/uploads\/elementor\/thumbs\/rakun-23-r4bgfqeakcv2ecplnl40w31jilu595vkxavtnx0k68.jpg","type":"","width":"","height":""}],"twitter_card":"summary_large_image","twitter_misc":{"Gesch\u00e4tzte Lesezeit":"1\u00a0Minute"},"schema":{"@context":"https:\/\/schema.org","@graph":[{"@type":"WebPage","@id":"https:\/\/rakun.com.pl\/ochrona-srodowiska\/","url":"https:\/\/rakun.com.pl\/ochrona-srodowiska\/","name":"Ochrona \u015brodowiska | Dystrybutor Rakun","isPartOf":{"@id":"https:\/\/rakun.com.pl\/#website"},"primaryImageOfPage":{"@id":"https:\/\/rakun.com.pl\/ochrona-srodowiska\/#primaryimage"},"image":{"@id":"https:\/\/rakun.com.pl\/ochrona-srodowiska\/#primaryimage"},"thumbnailUrl":"https:\/\/rakun.com.pl\/wp-content\/uploads\/elementor\/thumbs\/rakun-23-r4bgfqeakcv2ecplnl40w31jilu595vkxavtnx0k68.jpg","datePublished":"2025-05-19T23:18:56+00:00","dateModified":"2025-05-20T19:37:29+00:00","description":"Dystrybutor maszyn rolniczych Rakun \u2705 Szeroka oferta maszyn dla rolnik\u00f3w \u2705 Zapoznaj si\u0119 z naszym sprz\u0119tem rolniczym i zam\u00f3w ju\u017c teraz!","breadcrumb":{"@id":"https:\/\/rakun.com.pl\/ochrona-srodowiska\/#breadcrumb"},"inLanguage":"de","potentialAction":[{"@type":"ReadAction","target":["https:\/\/rakun.com.pl\/ochrona-srodowiska\/"]}]},{"@type":"ImageObject","inLanguage":"de","@id":"https:\/\/rakun.com.pl\/ochrona-srodowiska\/#primaryimage","url":"https:\/\/rakun.com.pl\/wp-content\/uploads\/elementor\/thumbs\/rakun-23-r4bgfqeakcv2ecplnl40w31jilu595vkxavtnx0k68.jpg","contentUrl":"https:\/\/rakun.com.pl\/wp-content\/uploads\/elementor\/thumbs\/rakun-23-r4bgfqeakcv2ecplnl40w31jilu595vkxavtnx0k68.jpg"},{"@type":"BreadcrumbList","@id":"https:\/\/rakun.com.pl\/ochrona-srodowiska\/#breadcrumb","itemListElement":[{"@type":"ListItem","position":1,"name":"Strona g\u0142\u00f3wna","item":"https:\/\/rakun.com.pl\/"},{"@type":"ListItem","position":2,"name":"Ochrona \u015brodowiska"}]},{"@type":"WebSite","@id":"https:\/\/rakun.com.pl\/#website","url":"https:\/\/rakun.com.pl\/","name":"Rakun","description":"Dystrybutor maszyn rolniczych Rakun","publisher":{"@id":"https:\/\/rakun.com.pl\/#organization"},"potentialAction":[{"@type":"SearchAction","target":{"@type":"EntryPoint","urlTemplate":"https:\/\/rakun.com.pl\/?s={search_term_string}"},"query-input":{"@type":"PropertyValueSpecification","valueRequired":true,"valueName":"search_term_string"}}],"inLanguage":"de"},{"@type":"Organization","@id":"https:\/\/rakun.com.pl\/#organization","name":"Rakun","url":"https:\/\/rakun.com.pl\/","logo":{"@type":"ImageObject","inLanguage":"de","@id":"https:\/\/rakun.com.pl\/#\/schema\/logo\/image\/","url":"https:\/\/rakun.com.pl\/wp-content\/uploads\/2025\/04\/rakunlogo.png","contentUrl":"https:\/\/rakun.com.pl\/wp-content\/uploads\/2025\/04\/rakunlogo.png","width":446,"height":313,"caption":"Rakun"},"image":{"@id":"https:\/\/rakun.com.pl\/#\/schema\/logo\/image\/"},"sameAs":["https:\/\/www.facebook.com\/profile.php?id=100086509235403","https:\/\/www.instagram.com\/rakun__sp.z_o.o\/"]}]}},"_links":{"self":[{"href":"https:\/\/rakun.com.pl\/de\/wp-json\/wp\/v2\/pages\/24269"}],"collection":[{"href":"https:\/\/rakun.com.pl\/de\/wp-json\/wp\/v2\/pages"}],"about":[{"href":"https:\/\/rakun.com.pl\/de\/wp-json\/wp\/v2\/types\/page"}],"author":[{"embeddable":true,"href":"https:\/\/rakun.com.pl\/de\/wp-json\/wp\/v2\/users\/6"}],"replies":[{"embeddable":true,"href":"https:\/\/rakun.com.pl\/de\/wp-json\/wp\/v2\/comments?post=24269"}],"version-history":[{"count":4,"href":"https:\/\/rakun.com.pl\/de\/wp-json\/wp\/v2\/pages\/24269\/revisions"}],"predecessor-version":[{"id":24273,"href":"https:\/\/rakun.com.pl\/de\/wp-json\/wp\/v2\/pages\/24269\/revisions\/24273"}],"wp:attachment":[{"href":"https:\/\/rakun.com.pl\/de\/wp-json\/wp\/v2\/media?parent=24269"}],"curies":[{"name":"wp","href":"https:\/\/api.w.org\/{rel}","templated":true}]}}